{"id":564,"date":"2022-07-04T16:35:48","date_gmt":"2022-07-04T16:35:48","guid":{"rendered":"http:\/\/localhost:8080\/impressum\/"},"modified":"2023-07-22T07:48:08","modified_gmt":"2023-07-22T07:48:08","slug":"impressum","status":"publish","type":"page","link":"https:\/\/altwaren-handel.at\/it\/impressum\/","title":{"rendered":"Impressum"},"content":{"rendered":"\n<figure class=\"wp-block-image size-large is-resized\"><img decoding=\"async\" loading=\"lazy\" src=\"http:\/\/zfhtest.altwaren-handel.at\/wp-content\/uploads\/2022\/11\/Logo_318-wko-Versand_Internet_allg-1024x341.jpg\" alt=\"\" class=\"wp-image-2451\" width=\"512\" height=\"171\" srcset=\"https:\/\/altwaren-handel.at\/wp-content\/uploads\/2022\/11\/Logo_318-wko-Versand_Internet_allg-1024x341.jpg 1024w, https:\/\/altwaren-handel.at\/wp-content\/uploads\/2022\/11\/Logo_318-wko-Versand_Internet_allg-300x100.jpg 300w, https:\/\/altwaren-handel.at\/wp-content\/uploads\/2022\/11\/Logo_318-wko-Versand_Internet_allg-768x256.jpg 768w, https:\/\/altwaren-handel.at\/wp-content\/uploads\/2022\/11\/Logo_318-wko-Versand_Internet_allg-1536x512.jpg 1536w, https:\/\/altwaren-handel.at\/wp-content\/uploads\/2022\/11\/Logo_318-wko-Versand_Internet_allg-2048x682.jpg 2048w\" sizes=\"(max-width: 512px) 100vw, 512px\" \/><\/figure>\n\n\n\n<p><strong>Wirtschaftskammer Wien<\/strong><\/p>\n\n\n\n<p><strong>Landesgremium Wien des Versand-, Internet- und Allgemeinen Handels<\/strong><\/p>\n\n\n\n<p><strong>Berufszweig Altwarenhandel<\/strong><\/p>\n\n\n\n<p><strong>Sitz:<\/strong> A-1020 Wien, Stra\u00dfe der Wiener Wirtschaft 1<\/p>\n\n\n\n<p><strong>Telefon:<\/strong> +43 (1) 514 50 3224<\/p>\n\n\n\n<p><strong>Email:<\/strong> <a href=\"javascript:linkTo_UnCryptMailto('nbjmup+bmmhfnfjofs.iboefmAxlx\\\/bu');\">allgemeiner-handel(at)wkw.at<\/a><\/p>\n\n\n\n<p><strong>T\u00e4tigkeitsbereich:<\/strong> Interessenvertretung sowie Information, Beratung und Unterst\u00fctzung der jeweiligen Mitglieder als gesetzliche Interessenvertretung<\/p>\n\n\n\n<p><strong>Richtung der Website:<\/strong> F\u00f6rderung der Ziele des T\u00e4tigkeitsbereichs<\/p>\n","protected":false},"excerpt":{"rendered":"<p>Wirtschaftskammer Wien Landesgremium Wien des Versand-, Internet- und Allgemeinen Handels Berufszweig Altwarenhandel Sitz: A-1020 Wien, Stra\u00dfe der Wiener Wirtschaft 1 Telefon: +43 (1) 514 50 3224 Email: allgemeiner-handel(at)wkw.at T\u00e4tigkeitsbereich: Interessenvertretung sowie Information, Beratung und Unterst\u00fctzung der jeweiligen Mitglieder als gesetzliche Interessenvertretung Richtung der Website: F\u00f6rderung der Ziele des T\u00e4tigkeitsbereichs<\/p>\n","protected":false},"author":1,"featured_media":0,"parent":0,"menu_order":0,"comment_status":"closed","ping_status":"closed","template":"","meta":[],"_links":{"self":[{"href":"https:\/\/altwaren-handel.at\/it\/wp-json\/wp\/v2\/pages\/564"}],"collection":[{"href":"https:\/\/altwaren-handel.at\/it\/wp-json\/wp\/v2\/pages"}],"about":[{"href":"https:\/\/altwaren-handel.at\/it\/wp-json\/wp\/v2\/types\/page"}],"author":[{"embeddable":true,"href":"https:\/\/altwaren-handel.at\/it\/wp-json\/wp\/v2\/users\/1"}],"replies":[{"embeddable":true,"href":"https:\/\/altwaren-handel.at\/it\/wp-json\/wp\/v2\/comments?post=564"}],"version-history":[{"count":3,"href":"https:\/\/altwaren-handel.at\/it\/wp-json\/wp\/v2\/pages\/564\/revisions"}],"predecessor-version":[{"id":5604,"href":"https:\/\/altwaren-handel.at\/it\/wp-json\/wp\/v2\/pages\/564\/revisions\/5604"}],"wp:attachment":[{"href":"https:\/\/altwaren-handel.at\/it\/wp-json\/wp\/v2\/media?parent=564"}],"curies":[{"name":"wp","href":"https:\/\/api.w.org\/{rel}","templated":true}]}}