{"id":452,"date":"2022-07-04T16:08:20","date_gmt":"2022-07-04T16:08:20","guid":{"rendered":"http:\/\/localhost:8080\/informazione\/"},"modified":"2023-10-04T13:35:31","modified_gmt":"2023-10-04T13:35:31","slug":"informazione","status":"publish","type":"page","link":"https:\/\/altwaren-handel.at\/it\/informazione\/","title":{"rendered":"Informazione"},"content":{"rendered":"\n<h2 class=\"wp-block-heading\">Cosa sapere sul commercio austriaco di seconda mano!<\/h2>\n\n<div style=\"height:25px\" aria-hidden=\"true\" class=\"wp-block-spacer\"><\/div>\n\n<div class=\"wp-block-columns is-layout-flex wp-container-5\">\n<div class=\"wp-block-column is-layout-flow\" style=\"flex-basis:33.33%\">\n<div class=\"wp-block-group is-vertical is-content-justification-center is-layout-flex wp-container-1\">\n<figure class=\"wp-block-image size-full is-resized\"><img decoding=\"async\" loading=\"lazy\" src=\"https:\/\/altwaren-handel.at\/wp-content\/uploads\/2023\/07\/grafik.png\" alt=\"\" class=\"wp-image-5606\" width=\"300\" height=\"400\" title=\"\" srcset=\"https:\/\/altwaren-handel.at\/wp-content\/uploads\/2023\/07\/grafik.png 300w, https:\/\/altwaren-handel.at\/wp-content\/uploads\/2023\/07\/grafik-225x300.png 225w\" sizes=\"(max-width: 300px) 100vw, 300px\" \/><\/figure>\n\n\n\n<p>KommR Karl Heinz Kremser<br\/>Presidente del ramo professionale Commercio di beni antichi<br\/>\u00a9 Foto Weinwurm<\/p>\n<\/div>\n<\/div>\n\n\n\n<div class=\"wp-block-column is-vertically-aligned-top is-layout-flow\" style=\"flex-basis:66.66%\">\n<div class=\"wp-block-group is-vertical is-layout-flex wp-container-3\">\n<p>Consigliere di commercio Karl Heinz Kremser: Presidente del commercio di seconda mano di Vienna Il corrispondente austriaco di merce di seconda mano \u00e8 \u201cAltwaren\u201d, molti negozi utilizzano questa dicitura nelle loro insegne. La maggior parte della merce proviene da patrimoni originari della monarchia austroungarica. Pertanto la variet\u00e0 e la gamma di prodotti offerti sono davvero ampie Da mobili di seconda mano a cianfrusaglie varie, da pezzi di antiquariato a lampade decorative \u2013 si trova proprio di tutto!<\/p>\n\n\n\n<p>La \u201cguida dei rigattieri\u201d viene aggiornata costantemente e comprende pi\u00f9 di 500 contatti sparsi in tutta l\u2019Austria, nonostante la maggior parte sia situata a Vienna.<\/p>\n\n\n\n<p>Una versione cartacea della guida viene pubblicata annualmente, una relativa all\u2019Austria ed una relativa a Vienna (piccoli libri gialli). Puoi ordinare una copia gratuita della guida contattando la nostra segreteria.<\/p>\n<\/div>\n<\/div>\n<\/div>\n\n<h2 class=\"wp-block-heading\">La merce<\/h2>\n\n<p>La maggior parte dei rigattieri acquista beni o sgombra appartamenti, avendo quindi un\u2019ampia disponibilit\u00e0 di prodotti da offrire. La possibilit\u00e0 da parte dei negozi di seconda mano di selezionare nella guida fino a 3 campi di specializzazione, non implica necessariamente che siano gli unici!<\/p>\n\n<h2 class=\"wp-block-heading\">I servizi<\/h2>\n\n<p>Lo sgombro di appartamenti viene effettuato in maniera professionale e fidata.<\/p>\n\n<p>Le competenze dei rigattieri permettono di ottimizzare il riciclaggio di oggetti riutilizzabili, mentre tutto ci\u00f2 che non pu\u00f2 essere riciclato viene smaltito nella maniera pi\u00f9 appropriata. <\/p>\n\n<h3 class=\"wp-block-heading\"><span lang=\"DE\">Vi auguriamo di trovare piccoli tesori per la vostra casa! <\/span><\/h3>\n","protected":false},"excerpt":{"rendered":"<p>Cosa sapere sul commercio austriaco di seconda mano! KommR Karl Heinz KremserPresidente del ramo professionale Commercio di beni antichi\u00a9 Foto Weinwurm Consigliere di commercio Karl Heinz Kremser: Presidente del commercio di seconda mano di Vienna Il corrispondente austriaco di merce di seconda mano \u00e8 \u201cAltwaren\u201d, molti negozi utilizzano questa dicitura nelle loro insegne. La maggior [&hellip;]<\/p>\n","protected":false},"author":1,"featured_media":0,"parent":0,"menu_order":0,"comment_status":"closed","ping_status":"closed","template":"","meta":[],"_links":{"self":[{"href":"https:\/\/altwaren-handel.at\/it\/wp-json\/wp\/v2\/pages\/452"}],"collection":[{"href":"https:\/\/altwaren-handel.at\/it\/wp-json\/wp\/v2\/pages"}],"about":[{"href":"https:\/\/altwaren-handel.at\/it\/wp-json\/wp\/v2\/types\/page"}],"author":[{"embeddable":true,"href":"https:\/\/altwaren-handel.at\/it\/wp-json\/wp\/v2\/users\/1"}],"replies":[{"embeddable":true,"href":"https:\/\/altwaren-handel.at\/it\/wp-json\/wp\/v2\/comments?post=452"}],"version-history":[{"count":58,"href":"https:\/\/altwaren-handel.at\/it\/wp-json\/wp\/v2\/pages\/452\/revisions"}],"predecessor-version":[{"id":5660,"href":"https:\/\/altwaren-handel.at\/it\/wp-json\/wp\/v2\/pages\/452\/revisions\/5660"}],"wp:attachment":[{"href":"https:\/\/altwaren-handel.at\/it\/wp-json\/wp\/v2\/media?parent=452"}],"curies":[{"name":"wp","href":"https:\/\/api.w.org\/{rel}","templated":true}]}}