{"id":3,"date":"2022-07-04T13:44:40","date_gmt":"2022-07-04T13:44:40","guid":{"rendered":"http:\/\/localhost:8080\/?page_id=3"},"modified":"2023-01-23T15:42:45","modified_gmt":"2023-01-23T15:42:45","slug":"datenschutz","status":"publish","type":"page","link":"https:\/\/altwaren-handel.at\/en\/datenschutz\/","title":{"rendered":"Datenschutz"},"content":{"rendered":"\n<h2 class=\"wp-block-heading\">Cookies<\/h2>\n\n\n\n<p>Diese Webseite verwendet im Bedarfsfall Cookies zum Speichern Ihrer Datenschutzeinstellungen. Diese essenziellen Cookies beinhalten keine pers\u00f6nlichen Daten und dienen ausschlie\u00dflich diesem technischen Zweck.<\/p>\n\n\n\n<h3 class=\"wp-block-heading\">Essenzielle Cookies (1)<\/h3>\n\n\n\n<h4 class=\"has-medium-font-size wp-block-heading\"><strong>cookie_notice_accepted<\/strong><\/h4>\n\n\n\n<figure class=\"wp-block-table is-style-stripes\"><table><tbody><tr><td><strong>Anbieter<\/strong><\/td><td>Eigent\u00fcmer dieser Webseite<\/td><\/tr><tr><td><strong>Zweck<\/strong><\/td><td>Speichert die Zustimmungen zu Datenschutzeinstellungen.<\/td><\/tr><tr><td><strong>Speicherdauer<\/strong><\/td><td>1 Monat<\/td><\/tr><\/tbody><\/table><\/figure>\n\n\n\n<div style=\"height:39px\" aria-hidden=\"true\" class=\"wp-block-spacer\"><\/div>\n\n\n\n<h2 class=\"wp-block-heading\">OpenStreetMap-Plugin<\/h2>\n\n\n\n<p>Im H\u00e4ndlerverzeichnis sowie in der die Einzelansicht kann eine interaktive Karte von OpenStreetMap anzeigt werden. Es werden f\u00fcr deren Darstellung keine pers\u00f6nlichen Daten an Dritte (OpenStreetMap) weitergegeben . <\/p>\n","protected":false},"excerpt":{"rendered":"<p>Cookies Diese Webseite verwendet im Bedarfsfall Cookies zum Speichern Ihrer Datenschutzeinstellungen. Diese essenziellen Cookies beinhalten keine pers\u00f6nlichen Daten und dienen ausschlie\u00dflich diesem technischen Zweck. Essenzielle Cookies (1) cookie_notice_accepted Anbieter Eigent\u00fcmer dieser Webseite Zweck Speichert die Zustimmungen zu Datenschutzeinstellungen. Speicherdauer 1 Monat OpenStreetMap-Plugin Im H\u00e4ndlerverzeichnis sowie in der die Einzelansicht kann eine interaktive Karte von OpenStreetMap [&hellip;]<\/p>\n","protected":false},"author":1,"featured_media":0,"parent":0,"menu_order":0,"comment_status":"closed","ping_status":"closed","template":"","meta":[],"_links":{"self":[{"href":"https:\/\/altwaren-handel.at\/en\/wp-json\/wp\/v2\/pages\/3"}],"collection":[{"href":"https:\/\/altwaren-handel.at\/en\/wp-json\/wp\/v2\/pages"}],"about":[{"href":"https:\/\/altwaren-handel.at\/en\/wp-json\/wp\/v2\/types\/page"}],"author":[{"embeddable":true,"href":"https:\/\/altwaren-handel.at\/en\/wp-json\/wp\/v2\/users\/1"}],"replies":[{"embeddable":true,"href":"https:\/\/altwaren-handel.at\/en\/wp-json\/wp\/v2\/comments?post=3"}],"version-history":[{"count":25,"href":"https:\/\/altwaren-handel.at\/en\/wp-json\/wp\/v2\/pages\/3\/revisions"}],"predecessor-version":[{"id":2809,"href":"https:\/\/altwaren-handel.at\/en\/wp-json\/wp\/v2\/pages\/3\/revisions\/2809"}],"wp:attachment":[{"href":"https:\/\/altwaren-handel.at\/en\/wp-json\/wp\/v2\/media?parent=3"}],"curies":[{"name":"wp","href":"https:\/\/api.w.org\/{rel}","templated":true}]}}